{"id":127,"date":"2025-12-13T20:32:44","date_gmt":"2025-12-13T19:32:44","guid":{"rendered":"https:\/\/www.praz-monney.ch\/?page_id=127"},"modified":"2026-05-08T11:31:36","modified_gmt":"2026-05-08T09:31:36","slug":"le-mariage-2","status":"publish","type":"page","link":"https:\/\/www.praz-monney.ch\/?page_id=127","title":{"rendered":"Le mariage"},"content":{"rendered":"\n<div class=\"wp-block-cover alignfull is-light\" style=\"padding-top:200px;min-height:100vh;aspect-ratio:unset;\"><img loading=\"lazy\" decoding=\"async\" width=\"2048\" height=\"1536\" class=\"wp-block-cover__image-background wp-image-102 size-full\" alt=\"\" src=\"https:\/\/www.praz-monney.ch\/wp-content\/uploads\/2025\/12\/IMG-20250103-WA0045.jpg\" data-object-fit=\"cover\" srcset=\"https:\/\/www.praz-monney.ch\/wp-content\/uploads\/2025\/12\/IMG-20250103-WA0045.jpg 2048w, https:\/\/www.praz-monney.ch\/wp-content\/uploads\/2025\/12\/IMG-20250103-WA0045-300x225.jpg 300w, https:\/\/www.praz-monney.ch\/wp-content\/uploads\/2025\/12\/IMG-20250103-WA0045-1024x768.jpg 1024w, https:\/\/www.praz-monney.ch\/wp-content\/uploads\/2025\/12\/IMG-20250103-WA0045-768x576.jpg 768w, https:\/\/www.praz-monney.ch\/wp-content\/uploads\/2025\/12\/IMG-20250103-WA0045-1536x1152.jpg 1536w\" sizes=\"auto, (max-width: 2048px) 100vw, 2048px\" \/><span aria-hidden=\"true\" class=\"wp-block-cover__background has-background-dim-30 has-background-dim\" style=\"background-color:#919080\"><\/span><div class=\"wp-block-cover__inner-container has-global-padding is-layout-constrained wp-container-core-cover-is-layout-ac7bbd67 wp-block-cover-is-layout-constrained\">\n<h1 class=\"wp-block-heading has-text-align-right has-text-color\" style=\"color:#ffffff;margin-bottom:32px;font-size:clamp(38.682px, 2.418rem + ((1vw - 3.2px) * 3.786), 72px);line-height:1.2\">Le programme de la journ\u00e9e<\/h1>\n<\/div><\/div>\n\n\n\n<div class=\"wp-block-media-text alignwide has-media-on-the-right is-stacked-on-mobile\" style=\"grid-template-columns:auto 42%\"><div class=\"wp-block-media-text__content\">\n<p class=\"has-text-color has-link-color wp-elements-82910dcd90818452069b80c1457407f0\" style=\"color:#1b1717\"><strong>LA CEREMONIE<\/strong><\/p>\n\n\n\n<p class=\"has-text-color has-link-color wp-elements-f0ec40e9c049fdb651701878201a403b\" style=\"color:#1b1717\">SAMEDI 6 JUIN &#8211; 15H30<\/p>\n\n\n\n<p class=\"has-text-color has-link-color wp-elements-d19440a2c7729dfc80b17dd574976dad\" style=\"color:#1b1717\">Le ch\u00e2teau d&rsquo;Ependes\u00a0<\/p>\n\n\n\n<p class=\"has-text-color has-link-color wp-elements-e1b09e67e5ac0fa575c06889982f31f3\" style=\"color:#1b1717\">Route de Ferpicloz 2 -1731 Ependes<\/p>\n\n\n\n<p class=\"has-text-color has-link-color wp-elements-4a3f46eadb4f173628f5dfbd0ef73d0b\" style=\"color:#1b1717\">La c\u00e9r\u00e9monie est pr\u00e9vue \u00e0 l&rsquo;ext\u00e9rieur. Des places de parc sont \u00e0 disposition sur le parking . Toutefois, nous vous invitons \u00e0 co-voiturer pour limiter le nombre de voitures.<br><br><em>En cas de pluie, la c\u00e9r\u00e9monie aura lieu dans l&rsquo;\u00e9glise d&rsquo;Ependes. Nous nous informerons la veille du mariage si nous activons le plan pluie<\/em><\/p>\n<\/div><figure class=\"wp-block-media-text__media\"><img loading=\"lazy\" decoding=\"async\" width=\"700\" height=\"650\" src=\"https:\/\/www.praz-monney.ch\/wp-content\/uploads\/2025\/12\/6194d94b14baae8c2de198d32d813301.jpg\" alt=\"\" class=\"wp-image-76 size-full\" srcset=\"https:\/\/www.praz-monney.ch\/wp-content\/uploads\/2025\/12\/6194d94b14baae8c2de198d32d813301.jpg 700w, https:\/\/www.praz-monney.ch\/wp-content\/uploads\/2025\/12\/6194d94b14baae8c2de198d32d813301-300x279.jpg 300w\" sizes=\"auto, (max-width: 700px) 100vw, 700px\" \/><\/figure><\/div>\n\n\n\n<div class=\"wp-block-buttons is-content-justification-center is-layout-flex wp-container-core-buttons-is-layout-a89b3969 wp-block-buttons-is-layout-flex\">\n<div class=\"wp-block-button is-style-outline is-style-outline--1\"><a class=\"wp-block-button__link has-text-color has-background has-work-sans-font-family has-text-align-center has-custom-font-size wp-element-button\" href=\"https:\/\/www.google.com\/maps\/place\/Ch%C3%A2teau+d'Ependes\/@46.7534277,7.1459868,864m\/data=!3m2!1e3!4b1!4m6!3m5!1s0x478e66034519d989:0x39a77d284b6d4ad5!8m2!3d46.7534277!4d7.1459868!16s%2Fg%2F11g9sw7601?entry=ttu&amp;g_ep=EgoyMDI2MDUwMi4wIKXMDSoASAFQAw%3D%3D\" style=\"border-style:none;border-width:0px;border-top-left-radius:38px;border-top-right-radius:38px;border-bottom-left-radius:38px;border-bottom-right-radius:38px;color:#000000;background-color:#50d9d973;font-size:clamp(21.536px, 1.346rem + ((1vw - 3.2px) * 1.53), 35px);font-style:normal;font-weight:500;letter-spacing:1px;text-transform:uppercase\">Lien vers la carte Pour la c\u00e9r\u00e9monie <\/a><\/div>\n\n\n\n<div class=\"wp-block-button is-style-outline is-style-outline--2\"><a class=\"wp-block-button__link has-text-color has-background has-work-sans-font-family has-text-align-center has-custom-font-size wp-element-button\" href=\"https:\/\/www.google.com\/maps\/place\/Place+de+parc\/@46.7535695,7.1466125,140m\/data=!3m1!1e3!4m14!1m7!3m6!1s0x478e66034519d989:0x39a77d284b6d4ad5!2sCh%C3%A2teau+d'Ependes!8m2!3d46.7534277!4d7.1459868!16s%2Fg%2F11g9sw7601!3m5!1s0x478e66034c847039:0x3b0d6a416e12ceec!8m2!3d46.7535752!4d7.1467364!16s%2Fg%2F11c2jr3kgx?entry=ttu&amp;g_ep=EgoyMDI2MDUwMi4wIKXMDSoASAFQAw%3D%3D\" style=\"border-style:none;border-width:0px;border-top-left-radius:38px;border-top-right-radius:38px;border-bottom-left-radius:38px;border-bottom-right-radius:38px;color:#000000;background-color:#6aeba073;font-size:clamp(21.536px, 1.346rem + ((1vw - 3.2px) * 1.53), 35px);font-style:normal;font-weight:500;letter-spacing:1px;text-transform:uppercase\">Lien vers la carte Pour le parking <\/a><\/div>\n<\/div>\n\n\n\n<div class=\"wp-block-media-text alignwide is-stacked-on-mobile\" style=\"border-top-left-radius:0px;border-top-right-radius:0px;border-bottom-left-radius:0px;border-bottom-right-radius:0px\"><figure class=\"wp-block-media-text__media\"><img loading=\"lazy\" decoding=\"async\" width=\"381\" height=\"373\" src=\"https:\/\/www.praz-monney.ch\/wp-content\/uploads\/2025\/12\/apero.jpg\" alt=\"\" class=\"wp-image-164 size-full\" srcset=\"https:\/\/www.praz-monney.ch\/wp-content\/uploads\/2025\/12\/apero.jpg 381w, https:\/\/www.praz-monney.ch\/wp-content\/uploads\/2025\/12\/apero-300x294.jpg 300w\" sizes=\"auto, (max-width: 381px) 100vw, 381px\" \/><\/figure><div class=\"wp-block-media-text__content\">\n<p class=\"has-text-color has-link-color wp-elements-0767a9552e2f41b9dac458fc5a8a8f03\" style=\"color:#1e1c1c\"><strong><em>APERO ET SOUPER<\/em><\/strong><\/p>\n\n\n\n<p class=\"has-text-color has-link-color wp-elements-b28c227edaba79ee813ebfaf042858a4\" style=\"color:#1e1c1c\">SAMEDI 6 JUIN &#8211; 18h00<\/p>\n\n\n\n<p class=\"has-text-color has-link-color wp-elements-2315c326d31b0ae27c4d9cd060e553d9\" style=\"color:#1e1c1c\">Salle de la Scie<\/p>\n\n\n\n<p class=\"has-text-color has-link-color wp-elements-1e87a7b78970ad5b6878c119bd771272\" style=\"color:#1e1c1c\">Sous les Vanels 23 &#8211; 1637 Val-de-Charmey<\/p>\n\n\n\n<p class=\"has-text-color has-link-color wp-elements-06c12c7b6d9f318ef09c28091ca2fc21\" style=\"color:#1e1c1c\"><br><em>Nous partirons directement de la c\u00e9r\u00e9monie en cort\u00e8ge jusqu&rsquo;\u00e0 la salle de la Scie. Des places de parc sont \u00e0 disposition.<\/em><\/p>\n\n\n\n<p><\/p>\n\n\n\n<div class=\"wp-block-buttons is-content-justification-center is-layout-flex wp-container-core-buttons-is-layout-a89b3969 wp-block-buttons-is-layout-flex\">\n<div class=\"wp-block-button is-style-outline is-style-outline--3\"><a class=\"wp-block-button__link has-text-color has-background has-work-sans-font-family has-text-align-center has-custom-font-size wp-element-button\" href=\"https:\/\/www.google.com\/maps\/place\/La+Scie\/@46.6120426,7.1747712,581m\/data=!3m2!1e3!4b1!4m6!3m5!1s0x478e5e35c942cc79:0xd3f59302f793219e!8m2!3d46.6120389!4d7.1773515!16s%2Fg%2F11gfjc7_hs?entry=ttu&amp;g_ep=EgoyMDI1MTIwOS4wIKXMDSoKLDEwMDc5MjA3M0gBUAM%3D\" style=\"border-style:none;border-width:0px;border-top-left-radius:35px;border-top-right-radius:35px;border-bottom-left-radius:35px;border-bottom-right-radius:35px;color:#000000;background-color:#50d9d973;font-size:clamp(21.536px, 1.346rem + ((1vw - 3.2px) * 1.53), 35px);font-style:normal;font-weight:500;letter-spacing:1px;text-transform:uppercase\"> Lien vers la carte <\/a><\/div>\n<\/div>\n<\/div><\/div>\n\n\n\n<div class=\"wp-block-media-text alignwide has-media-on-the-right is-stacked-on-mobile\" style=\"border-top-left-radius:0px;border-top-right-radius:0px;border-bottom-left-radius:0px;border-bottom-right-radius:0px\"><div class=\"wp-block-media-text__content\">\n<p class=\"has-text-color has-link-color wp-elements-8725f6e754c99d4d3b9294e350ebb2df\" style=\"color:#1a1616\"><strong><em>BRUNCH DU LENDEMAIN<\/em><\/strong><\/p>\n\n\n\n<p class=\"has-text-color has-link-color wp-elements-acf3a1815967cd5b535569f7e476e200\" style=\"color:#1a1616\">DIMANCHE 7 JUIN &#8211; 09H00 (c&rsquo;est selon&#8230;)<\/p>\n\n\n\n<p class=\"has-text-color has-link-color wp-elements-1d27794ab13e15e089936c214867da00\" style=\"color:#1a1616\">Salle de la Scie<\/p>\n\n\n\n<p class=\"has-text-color has-link-color wp-elements-9ceecc875c741896e9d5cd36592c4f79\" style=\"color:#1a1616\">Sous les Vanels 23 &#8211; 1637 Val-de-Charmey<\/p>\n\n\n\n<p class=\"has-text-color has-link-color wp-elements-2be8dd54d9db34db0f347657759d13fa\" style=\"color:#1a1616\">Nous partagerons un brunch le lendemain afin de cl\u00f4turer les festivit\u00e9s.  Nous nous r\u00e9jouissons de voir vos t\u00eates de vainqueur.<\/p>\n<\/div><figure class=\"wp-block-media-text__media\"><img loading=\"lazy\" decoding=\"async\" width=\"500\" height=\"310\" src=\"https:\/\/www.praz-monney.ch\/wp-content\/uploads\/2025\/12\/brunch-2.jpg\" alt=\"\" class=\"wp-image-96 size-full\" srcset=\"https:\/\/www.praz-monney.ch\/wp-content\/uploads\/2025\/12\/brunch-2.jpg 500w, https:\/\/www.praz-monney.ch\/wp-content\/uploads\/2025\/12\/brunch-2-300x186.jpg 300w\" sizes=\"auto, (max-width: 500px) 100vw, 500px\" \/><\/figure><\/div>\n\n\n\n<div class=\"wp-block-cover alignfull is-light\" style=\"padding-top:3.51rem;padding-right:0px;padding-bottom:2.01rem;padding-left:0px\"><span aria-hidden=\"true\" class=\"wp-block-cover__background has-background-dim-100 has-background-dim\" style=\"background-color:#fff3ea\"><\/span><div class=\"wp-block-cover__inner-container is-layout-flow wp-block-cover-is-layout-flow\">\n<div class=\"wp-block-group alignfull is-layout-flow wp-block-group-is-layout-flow\" style=\"margin-top:0px;margin-bottom:0px;padding-top:0rem;padding-right:1px;padding-bottom:2.01rem;padding-left:1px\">\n<div class=\"wp-block-columns alignfull is-layout-flex wp-container-core-columns-is-layout-35290b6f wp-block-columns-is-layout-flex\" style=\"padding-top:0rem\">\n<div class=\"wp-block-column is-layout-flow wp-block-column-is-layout-flow\" style=\"padding-top:1rem;padding-right:0rem;padding-bottom:1rem;padding-left:0rem\">\n<div class=\"wp-block-cover is-light\" style=\"border-top-left-radius:24px;border-top-right-radius:24px;border-bottom-left-radius:24px;border-bottom-right-radius:24px;padding-right:0.51rem;padding-left:0.51rem;min-height:390px;aspect-ratio:unset;\"><img loading=\"lazy\" decoding=\"async\" width=\"768\" height=\"1024\" class=\"wp-block-cover__image-background wp-image-156 size-large\" alt=\"\" src=\"https:\/\/www.praz-monney.ch\/wp-content\/uploads\/2025\/12\/IMG-20250607-WA0001-1-768x1024.jpg\" style=\"object-position:53% 26%\" data-object-fit=\"cover\" data-object-position=\"53% 26%\" srcset=\"https:\/\/www.praz-monney.ch\/wp-content\/uploads\/2025\/12\/IMG-20250607-WA0001-1-768x1024.jpg 768w, https:\/\/www.praz-monney.ch\/wp-content\/uploads\/2025\/12\/IMG-20250607-WA0001-1-225x300.jpg 225w, https:\/\/www.praz-monney.ch\/wp-content\/uploads\/2025\/12\/IMG-20250607-WA0001-1-1152x1536.jpg 1152w, https:\/\/www.praz-monney.ch\/wp-content\/uploads\/2025\/12\/IMG-20250607-WA0001-1.jpg 1536w\" sizes=\"auto, (max-width: 768px) 100vw, 768px\" \/><span aria-hidden=\"true\" class=\"wp-block-cover__background has-background-dim-0 has-background-dim\" style=\"background-color:#908a85\"><\/span><div class=\"wp-block-cover__inner-container has-global-padding is-layout-constrained wp-container-core-cover-is-layout-1a3bd245 wp-block-cover-is-layout-constrained\">\n<h3 class=\"wp-block-heading has-text-align-center has-text-color\" style=\"color:#fffffd;font-size:clamp(1.507rem, 1.507rem + ((1vw - 0.2rem) * 1.824), 2.51rem);\"><\/h3>\n<\/div><\/div>\n<\/div>\n\n\n\n<div class=\"wp-block-column is-layout-flow wp-block-column-is-layout-flow\" style=\"padding-top:1rem;padding-right:0rem;padding-bottom:1rem;padding-left:0rem\">\n<div class=\"wp-block-cover\" style=\"border-top-left-radius:24px;border-top-right-radius:24px;border-bottom-left-radius:24px;border-bottom-right-radius:24px;margin-top:0;margin-bottom:0;padding-right:0rem;padding-left:0rem;min-height:390px;aspect-ratio:unset;\"><img loading=\"lazy\" decoding=\"async\" width=\"768\" height=\"1024\" class=\"wp-block-cover__image-background wp-image-157 size-large\" alt=\"\" src=\"https:\/\/www.praz-monney.ch\/wp-content\/uploads\/2025\/12\/20240922_045756-768x1024.jpg\" style=\"object-position:85% 0%\" data-object-fit=\"cover\" data-object-position=\"85% 0%\" srcset=\"https:\/\/www.praz-monney.ch\/wp-content\/uploads\/2025\/12\/20240922_045756-768x1024.jpg 768w, https:\/\/www.praz-monney.ch\/wp-content\/uploads\/2025\/12\/20240922_045756-225x300.jpg 225w, https:\/\/www.praz-monney.ch\/wp-content\/uploads\/2025\/12\/20240922_045756-1152x1536.jpg 1152w, https:\/\/www.praz-monney.ch\/wp-content\/uploads\/2025\/12\/20240922_045756-rotated.jpg 1524w\" sizes=\"auto, (max-width: 768px) 100vw, 768px\" \/><span aria-hidden=\"true\" class=\"wp-block-cover__background has-background-dim-0 has-background-dim\" style=\"background-color:#836d60\"><\/span><div class=\"wp-block-cover__inner-container has-global-padding is-layout-constrained wp-container-core-cover-is-layout-f78afbaf wp-block-cover-is-layout-constrained\">\n<h3 class=\"wp-block-heading has-text-align-center has-text-color\" style=\"color:#fffffd;font-size:clamp(1.507rem, 1.507rem + ((1vw - 0.2rem) * 1.824), 2.51rem);\"><\/h3>\n<\/div><\/div>\n<\/div>\n\n\n\n<div class=\"wp-block-column is-layout-flow wp-block-column-is-layout-flow\" style=\"padding-top:1rem;padding-right:0rem;padding-bottom:1rem;padding-left:0rem\">\n<div class=\"wp-block-cover is-light\" style=\"border-top-left-radius:22px;border-top-right-radius:22px;border-bottom-left-radius:22px;border-bottom-right-radius:22px;padding-right:0.51rem;padding-left:0.51rem;min-height:390px;aspect-ratio:unset;\"><img loading=\"lazy\" decoding=\"async\" width=\"768\" height=\"1024\" class=\"wp-block-cover__image-background wp-image-158 size-large\" alt=\"\" src=\"https:\/\/www.praz-monney.ch\/wp-content\/uploads\/2025\/12\/IMG-20250721-WA0011-768x1024.jpg\" style=\"object-position:100% 0%\" data-object-fit=\"cover\" data-object-position=\"100% 0%\" srcset=\"https:\/\/www.praz-monney.ch\/wp-content\/uploads\/2025\/12\/IMG-20250721-WA0011-768x1024.jpg 768w, https:\/\/www.praz-monney.ch\/wp-content\/uploads\/2025\/12\/IMG-20250721-WA0011-225x300.jpg 225w, https:\/\/www.praz-monney.ch\/wp-content\/uploads\/2025\/12\/IMG-20250721-WA0011-1152x1536.jpg 1152w, https:\/\/www.praz-monney.ch\/wp-content\/uploads\/2025\/12\/IMG-20250721-WA0011.jpg 1200w\" sizes=\"auto, (max-width: 768px) 100vw, 768px\" \/><span aria-hidden=\"true\" class=\"wp-block-cover__background has-background-dim-0 has-background-dim\" style=\"background-color:#8f7b7a\"><\/span><div class=\"wp-block-cover__inner-container has-global-padding is-layout-constrained wp-container-core-cover-is-layout-1a3bd245 wp-block-cover-is-layout-constrained\">\n<h3 class=\"wp-block-heading has-text-align-center has-text-color\" style=\"color:#fffffd;font-size:clamp(1.507rem, 1.507rem + ((1vw - 0.2rem) * 1.824), 2.51rem);\"><\/h3>\n<\/div><\/div>\n<\/div>\n\n\n\n<div class=\"wp-block-column is-layout-flow wp-block-column-is-layout-flow\" style=\"padding-top:1rem;padding-right:0rem;padding-bottom:1rem;padding-left:0rem\">\n<div class=\"wp-block-cover\" style=\"border-top-left-radius:24px;border-top-right-radius:24px;border-bottom-left-radius:24px;border-bottom-right-radius:24px;padding-right:0.51rem;padding-left:0.51rem;min-height:390px;aspect-ratio:unset;\"><img loading=\"lazy\" decoding=\"async\" width=\"768\" height=\"1024\" class=\"wp-block-cover__image-background wp-image-159 size-large\" alt=\"\" src=\"https:\/\/www.praz-monney.ch\/wp-content\/uploads\/2025\/12\/20240921_213701-768x1024.jpg\" style=\"object-position:100% 5%\" data-object-fit=\"cover\" data-object-position=\"100% 5%\" srcset=\"https:\/\/www.praz-monney.ch\/wp-content\/uploads\/2025\/12\/20240921_213701-768x1024.jpg 768w, https:\/\/www.praz-monney.ch\/wp-content\/uploads\/2025\/12\/20240921_213701-225x300.jpg 225w, https:\/\/www.praz-monney.ch\/wp-content\/uploads\/2025\/12\/20240921_213701-1152x1536.jpg 1152w, https:\/\/www.praz-monney.ch\/wp-content\/uploads\/2025\/12\/20240921_213701-rotated.jpg 1524w\" sizes=\"auto, (max-width: 768px) 100vw, 768px\" \/><span aria-hidden=\"true\" class=\"wp-block-cover__background has-background-dim-0 has-background-dim\" style=\"background-color:#866e5e\"><\/span><div class=\"wp-block-cover__inner-container has-global-padding is-layout-constrained wp-container-core-cover-is-layout-1a3bd245 wp-block-cover-is-layout-constrained\">\n<h3 class=\"wp-block-heading has-text-align-center has-text-color\" style=\"color:#fffffd;font-size:clamp(1.507rem, 1.507rem + ((1vw - 0.2rem) * 1.824), 2.51rem);\"><\/h3>\n<\/div><\/div>\n<\/div>\n<\/div>\n<\/div>\n<\/div><\/div>\n\n\n\n<div class=\"wp-block-cover alignfull\" style=\"margin-top:0px;margin-bottom:0px;min-height:100vh;aspect-ratio:unset;\"><img loading=\"lazy\" decoding=\"async\" width=\"1024\" height=\"768\" class=\"wp-block-cover__image-background wp-image-104 size-large\" alt=\"\" src=\"https:\/\/www.praz-monney.ch\/wp-content\/uploads\/2025\/12\/IMG-20250701-WA0002-1024x768.jpg\" style=\"object-position:91% 67%\" data-object-fit=\"cover\" data-object-position=\"91% 67%\" srcset=\"https:\/\/www.praz-monney.ch\/wp-content\/uploads\/2025\/12\/IMG-20250701-WA0002-1024x768.jpg 1024w, https:\/\/www.praz-monney.ch\/wp-content\/uploads\/2025\/12\/IMG-20250701-WA0002-300x225.jpg 300w, https:\/\/www.praz-monney.ch\/wp-content\/uploads\/2025\/12\/IMG-20250701-WA0002-768x576.jpg 768w, https:\/\/www.praz-monney.ch\/wp-content\/uploads\/2025\/12\/IMG-20250701-WA0002-1536x1152.jpg 1536w, https:\/\/www.praz-monney.ch\/wp-content\/uploads\/2025\/12\/IMG-20250701-WA0002.jpg 1600w\" sizes=\"auto, (max-width: 1024px) 100vw, 1024px\" \/><span aria-hidden=\"true\" class=\"wp-block-cover__background has-background-dim-20 has-background-dim\" style=\"background-color:#6e4d3a\"><\/span><div class=\"wp-block-cover__inner-container has-global-padding is-layout-constrained wp-container-core-cover-is-layout-4d3dec86 wp-block-cover-is-layout-constrained\">\n<h2 class=\"wp-block-heading has-text-align-center has-text-color has-work-sans-font-family\" style=\"color:#ffffff;font-size:clamp(50.171px, 3.136rem + ((1vw - 3.2px) * 5.662), 100px);font-style:normal;font-weight:300;letter-spacing:15px;text-transform:uppercase\">H\u00e9bergement<\/h2>\n<\/div><\/div>\n\n\n\n<div class=\"wp-block-group alignfull has-global-padding is-layout-constrained wp-container-core-group-is-layout-d5be4a8c wp-block-group-is-layout-constrained\" style=\"margin-top:0px;margin-bottom:0px;padding-top:7.2rem;padding-bottom:7.2rem\">\n<div class=\"wp-block-cover is-light\" style=\"padding-top:4rem;padding-bottom:17rem\"><img loading=\"lazy\" decoding=\"async\" width=\"1024\" height=\"576\" class=\"wp-block-cover__image-background wp-image-122 size-large\" alt=\"\" src=\"https:\/\/www.praz-monney.ch\/wp-content\/uploads\/2025\/12\/DSC_0451-1-1024x576.jpg\" data-object-fit=\"cover\" srcset=\"https:\/\/www.praz-monney.ch\/wp-content\/uploads\/2025\/12\/DSC_0451-1-1024x576.jpg 1024w, https:\/\/www.praz-monney.ch\/wp-content\/uploads\/2025\/12\/DSC_0451-1-300x169.jpg 300w, https:\/\/www.praz-monney.ch\/wp-content\/uploads\/2025\/12\/DSC_0451-1-768x432.jpg 768w, https:\/\/www.praz-monney.ch\/wp-content\/uploads\/2025\/12\/DSC_0451-1-1536x864.jpg 1536w, https:\/\/www.praz-monney.ch\/wp-content\/uploads\/2025\/12\/DSC_0451-1-2048x1152.jpg 2048w\" sizes=\"auto, (max-width: 1024px) 100vw, 1024px\" \/><span aria-hidden=\"true\" class=\"wp-block-cover__background has-background-dim-0 has-background-dim\" style=\"background-color:#8a8486\"><\/span><div class=\"wp-block-cover__inner-container has-global-padding is-layout-constrained wp-container-core-cover-is-layout-38e117a6 wp-block-cover-is-layout-constrained\">\n<p class=\"has-text-align-center has-large-font-size\"><\/p>\n\n\n\n<div class=\"wp-block-columns is-layout-flex wp-container-core-columns-is-layout-28f84493 wp-block-columns-is-layout-flex\">\n<div class=\"wp-block-column is-layout-flow wp-block-column-is-layout-flow\"><\/div>\n\n\n\n<div class=\"wp-block-column is-layout-flow wp-block-column-is-layout-flow\">\n<div class=\"wp-block-group has-background has-global-padding is-layout-constrained wp-container-core-group-is-layout-9301cb23 wp-block-group-is-layout-constrained\" style=\"border-top-left-radius:33px;border-top-right-radius:33px;border-bottom-left-radius:33px;border-bottom-right-radius:33px;background-color:#45babaa1;padding-top:2rem;padding-right:2rem;padding-bottom:2rem;padding-left:2rem\">\n<div class=\"wp-block-group has-global-padding is-content-justification-left is-layout-constrained wp-container-core-group-is-layout-f3298e88 wp-block-group-is-layout-constrained\">\n<h2 class=\"wp-block-heading has-text-color\" style=\"color:#ffffff;font-size:clamp(1.352rem, 1.352rem + ((1vw - 0.2rem) * 1.542), 2.2rem);letter-spacing:1.5px;line-height:1.3\">Conseil pour dormir<\/h2>\n<\/div>\n\n\n\n<p class=\"has-text-color\" style=\"color:#ffffff;font-size:clamp(0.875rem, 0.875rem + ((1vw - 0.2rem) * 0.409), 1.1rem);\">Plusieurs possibilit\u00e9s s&rsquo;offrent \u00e0 vous pour quelques heures de sommeil :<\/p>\n\n\n\n<p class=\"has-text-color has-link-color wp-elements-453010baa8869772dddd846151c18366\" style=\"color:#f9f3f3\"><strong>LES H\u00d4TELS<\/strong><\/p>\n\n\n\n<p class=\"has-text-color has-link-color wp-elements-52845fdb3059f6b3b8cb78364fcf371b\" style=\"color:#f9f3f3\">Hotel Cailler (25 min \u00e0 pied)<\/p>\n\n\n\n<p class=\"has-text-color has-link-color wp-elements-8228a1539f11221cc636a5e4f5407588\" style=\"color:#f9f3f3\">H\u00f4tel l&rsquo;\u00e9toile (25 min \u00e0 pied)<\/p>\n\n\n\n<p class=\"has-text-color has-link-color wp-elements-8e6518b010ebcdf2d75004612d6ae19b\" style=\"color:#f9f3f3\">R\u00e9sidence H\u00f4teli\u00e8re le sapin (25 min \u00e0 pied)<\/p>\n\n\n\n<p class=\"has-text-color has-link-color wp-elements-a2a4297dbf113d71aa932585a1f399e9\" style=\"color:#f9f3f3\">R\u00e9sidence Bellevue (25 min \u00e0 pied)<\/p>\n\n\n\n<p class=\"has-text-color has-link-color wp-elements-aefe76138c10d384a6d52ca90e2b3d0b\" style=\"color:#f9f3f3\"><strong>LE CAMPING<\/strong><\/p>\n\n\n\n<p class=\"has-text-color has-link-color wp-elements-5dfc5c36a7dd634a356962b23b23f8a6\" style=\"color:#f9f3f3\">Tente de toit<\/p>\n\n\n\n<p class=\"has-text-color has-link-color wp-elements-261bdc31f09d5a6cfc83389632c0f4a9\" style=\"color:#f8f7f7\">Camping sauvage<\/p>\n\n\n\n<p class=\"has-text-color has-link-color wp-elements-6be1fc3794ad63f7094235f620f71c39\" style=\"color:#f8f7f7\">Le T6<\/p>\n\n\n\n<p class=\"has-text-color has-link-color wp-elements-ddc1a18478101517b5fca369172c7d3e\" style=\"color:#f7f0f0\"><strong>LE PLAN B<\/strong><\/p>\n\n\n\n<p class=\"has-text-color\" style=\"color:#ffffff;font-size:clamp(0.875rem, 0.875rem + ((1vw - 0.2rem) * 0.409), 1.1rem);\">Dormir l\u00e0 o\u00f9 tu tombes dans la salle. Dans le doute, prends un sac de couchage !<\/p>\n<\/div>\n<\/div>\n<\/div>\n<\/div><\/div>\n<\/div>\n","protected":false},"excerpt":{"rendered":"<p>LA CEREMONIE SAMEDI 6 JUIN &#8211; 15H30 Le ch\u00e2teau d&rsquo;Ependes\u00a0 Route de Ferpicloz 2 -1731 Ependes La c\u00e9r\u00e9monie est pr\u00e9vue \u00e0 l&rsquo;ext\u00e9rieur. Des places de parc sont \u00e0 disposition sur le parking . Toutefois, nous vous invitons \u00e0 co-voiturer pour limiter le nombre de voitures. En cas de pluie, la c\u00e9r\u00e9monie aura lieu dans l&rsquo;\u00e9glise [&hellip;]<\/p>\n","protected":false},"author":1,"featured_media":0,"parent":0,"menu_order":0,"comment_status":"closed","ping_status":"closed","template":"","meta":{"footnotes":""},"class_list":["post-127","page","type-page","status-publish","hentry"],"_links":{"self":[{"href":"https:\/\/www.praz-monney.ch\/index.php?rest_route=\/wp\/v2\/pages\/127","targetHints":{"allow":["GET"]}}],"collection":[{"href":"https:\/\/www.praz-monney.ch\/index.php?rest_route=\/wp\/v2\/pages"}],"about":[{"href":"https:\/\/www.praz-monney.ch\/index.php?rest_route=\/wp\/v2\/types\/page"}],"author":[{"embeddable":true,"href":"https:\/\/www.praz-monney.ch\/index.php?rest_route=\/wp\/v2\/users\/1"}],"replies":[{"embeddable":true,"href":"https:\/\/www.praz-monney.ch\/index.php?rest_route=%2Fwp%2Fv2%2Fcomments&post=127"}],"version-history":[{"count":29,"href":"https:\/\/www.praz-monney.ch\/index.php?rest_route=\/wp\/v2\/pages\/127\/revisions"}],"predecessor-version":[{"id":192,"href":"https:\/\/www.praz-monney.ch\/index.php?rest_route=\/wp\/v2\/pages\/127\/revisions\/192"}],"wp:attachment":[{"href":"https:\/\/www.praz-monney.ch\/index.php?rest_route=%2Fwp%2Fv2%2Fmedia&parent=127"}],"curies":[{"name":"wp","href":"https:\/\/api.w.org\/{rel}","templated":true}]}}